{"id":14777,"date":"2023-11-13T04:24:40","date_gmt":"2023-11-13T04:24:40","guid":{"rendered":"https:\/\/galenica.pe\/english\/?post_type=product&#038;p=14777"},"modified":"2024-05-19T05:01:59","modified_gmt":"2024-05-19T05:01:59","slug":"protein-and-dna-electrophoresis-and-blotting","status":"publish","type":"product","link":"https:\/\/galenica.pe\/english\/product\/protein-and-dna-electrophoresis-and-blotting\/","title":{"rendered":"Electroforesis y transferencias de \u00e1cidos nucleicos"},"content":{"rendered":"<div id=\"cmsmasters_row_\" class=\"cmsmasters_row cmsmasters_color_scheme_default cmsmasters_row_top_default cmsmasters_row_bot_default cmsmasters_row_boxed\">\n<div class=\"cmsmasters_row_outer_parent\">\n<div class=\"cmsmasters_row_outer\">\n<div class=\"cmsmasters_row_inner\">\n<div class=\"cmsmasters_row_margin\">\n<div id=\"cmsmasters_column_\" class=\"cmsmasters_column one_first\">\n<div class=\"cmsmasters_column_inner\"><div class=\"cmsmasters_text\">\n<p>A trav\u00e9s de Bio-Rad ofrecemos diversos tipos de instrumentos de electroforesis y transferencias para \u00e1cidos nucleicos, entre los que destacan celdas sumergidas horizontales y verticales de varios tama\u00f1os, sistemas PFGE y soluciones para secuenciaci\u00f3n y detecci\u00f3n de mutaciones.<\/p>\n<p>Modelos Disponibles<br \/>\n\u2013 Sistemas de electroforesis horizontal<br \/>\n\u2013 Sistemas de electroforesis vertical<br \/>\n\u2013 Sistemas de electroforesis en gel de campo pulsado<br \/>\n\u2013 Transferencia de \u00e1cido nucleico<br \/>\n\u2013 Fuentes de alimentaci\u00f3n<br \/>\n\u2013 An\u00e1lisis de mutaciones<\/p>\n<\/div>\n<\/div><\/div>\n<\/div>\n<\/div>\n<\/div>\n<\/div>\n<\/div>\n\n","protected":false},"excerpt":{"rendered":"<p>A trav\u00e9s de Bio-Rad ofrecemos diversos tipos de instrumentos de electroforesis y transferencias para \u00e1cidos nucleicos, entre los que destacan celdas sumergidas horizontales y verticales de varios tama\u00f1os, sistemas PFGE y soluciones para secuenciaci\u00f3n y detecci\u00f3n de mutaciones.<\/p>\n<button data-id=\"14544\" data-post_id=\"14777\" data-form_style=\"1\" data-allow_outside_click=\"1\" data-width=\"500px\" class=\"wpb-pcf-form-fire wpb-pcf-btn-large wpb-pcf-btn wpb-pcf-btn-default\">More information<\/button>\n","protected":false},"featured_media":14785,"comment_status":"closed","ping_status":"closed","template":"","meta":{"content-type":""},"product_cat":[218,226],"product_tag":[157],"class_list":{"0":"post-14777","1":"product","2":"type-product","3":"status-publish","4":"has-post-thumbnail","6":"product_cat-biotecnologia","7":"product_cat-expresion-genica","8":"product_tag-bio-rad","10":"first","11":"instock","12":"shipping-taxable","13":"product-type-simple"},"_links":{"self":[{"href":"https:\/\/galenica.pe\/english\/wp-json\/wp\/v2\/product\/14777","targetHints":{"allow":["GET"]}}],"collection":[{"href":"https:\/\/galenica.pe\/english\/wp-json\/wp\/v2\/product"}],"about":[{"href":"https:\/\/galenica.pe\/english\/wp-json\/wp\/v2\/types\/product"}],"replies":[{"embeddable":true,"href":"https:\/\/galenica.pe\/english\/wp-json\/wp\/v2\/comments?post=14777"}],"wp:featuredmedia":[{"embeddable":true,"href":"https:\/\/galenica.pe\/english\/wp-json\/wp\/v2\/media\/14785"}],"wp:attachment":[{"href":"https:\/\/galenica.pe\/english\/wp-json\/wp\/v2\/media?parent=14777"}],"wp:term":[{"taxonomy":"product_cat","embeddable":true,"href":"https:\/\/galenica.pe\/english\/wp-json\/wp\/v2\/product_cat?post=14777"},{"taxonomy":"product_tag","embeddable":true,"href":"https:\/\/galenica.pe\/english\/wp-json\/wp\/v2\/product_tag?post=14777"}],"curies":[{"name":"wp","href":"https:\/\/api.w.org\/{rel}","templated":true}]}}