{"id":14830,"date":"2023-11-13T04:25:07","date_gmt":"2023-11-13T04:25:07","guid":{"rendered":"https:\/\/galenica.pe\/english\/?post_type=product&#038;p=14830"},"modified":"2024-05-19T05:23:06","modified_gmt":"2024-05-19T05:23:06","slug":"protein-electrophoresis-reagents-2","status":"publish","type":"product","link":"https:\/\/galenica.pe\/english\/product\/protein-electrophoresis-reagents-2\/","title":{"rendered":"Reactivos para Electroforesis de Prote\u00ednas"},"content":{"rendered":"<div id=\"cmsmasters_row_\" class=\"cmsmasters_row cmsmasters_color_scheme_default cmsmasters_row_top_default cmsmasters_row_bot_default cmsmasters_row_boxed\">\n<div class=\"cmsmasters_row_outer_parent\">\n<div class=\"cmsmasters_row_outer\">\n<div class=\"cmsmasters_row_inner\">\n<div class=\"cmsmasters_row_margin\">\n<div id=\"cmsmasters_column_\" class=\"cmsmasters_column one_first\">\n<div class=\"cmsmasters_column_inner\"><div class=\"cmsmasters_text\">\n<p>Contamos con tampones, reactivos y acrilamida de electroforesis que est\u00e1n disponibles como reactivos individuales o tampones y soluciones premezclados, nuestros productos incluyen tampones de carga para muestras de prote\u00ednas o \u00e1cidos nucleicos, detergentes, anfolitos y tampones de fundici\u00f3n en gel<\/p>\n<p>Modelos Disponibles<br \/>\n\u2013 Reactivos de gel de poliacrilamida<br \/>\n\u2013 Agarosas IEP \/ IEF<br \/>\n\u2013 Ampholytes<br \/>\n\u2013 Tampones de fundici\u00f3n premezclados<br \/>\n\u2013 Reactivos y tampones de carga de muestras<br \/>\n\u2013 Ejecuci\u00f3n de tampones y reactivos<br \/>\n\u2013 Tintes de seguimiento<br \/>\n\u2013 Soluci\u00f3n de limpieza y detergente alcalino<\/p>\n<\/div>\n<\/div><\/div>\n<\/div>\n<\/div>\n<\/div>\n<\/div>\n<\/div>\n\n","protected":false},"excerpt":{"rendered":"<p>Contamos con tampones, reactivos y acrilamida de electroforesis que est\u00e1n disponibles como reactivos individuales o tampones y soluciones premezclados, nuestros productos incluyen tampones de carga para muestras de prote\u00ednas o \u00e1cidos nucleicos, detergentes, anfolitos y tampones de fundici\u00f3n en gel<\/p>\n<button data-id=\"14544\" data-post_id=\"14830\" data-form_style=\"1\" data-allow_outside_click=\"1\" data-width=\"500px\" class=\"wpb-pcf-form-fire wpb-pcf-btn-large wpb-pcf-btn wpb-pcf-btn-default\">More information<\/button>\n","protected":false},"featured_media":14844,"comment_status":"closed","ping_status":"closed","template":"","meta":{"content-type":""},"product_cat":[218,229,228],"product_tag":[157],"class_list":{"0":"post-14830","1":"product","2":"type-product","3":"status-publish","4":"has-post-thumbnail","6":"product_cat-biotecnologia","7":"product_cat-reactivos-de-laboratorio","8":"product_cat-proteinas","9":"product_tag-bio-rad","11":"first","12":"instock","13":"shipping-taxable","14":"product-type-simple"},"_links":{"self":[{"href":"https:\/\/galenica.pe\/english\/wp-json\/wp\/v2\/product\/14830","targetHints":{"allow":["GET"]}}],"collection":[{"href":"https:\/\/galenica.pe\/english\/wp-json\/wp\/v2\/product"}],"about":[{"href":"https:\/\/galenica.pe\/english\/wp-json\/wp\/v2\/types\/product"}],"replies":[{"embeddable":true,"href":"https:\/\/galenica.pe\/english\/wp-json\/wp\/v2\/comments?post=14830"}],"wp:featuredmedia":[{"embeddable":true,"href":"https:\/\/galenica.pe\/english\/wp-json\/wp\/v2\/media\/14844"}],"wp:attachment":[{"href":"https:\/\/galenica.pe\/english\/wp-json\/wp\/v2\/media?parent=14830"}],"wp:term":[{"taxonomy":"product_cat","embeddable":true,"href":"https:\/\/galenica.pe\/english\/wp-json\/wp\/v2\/product_cat?post=14830"},{"taxonomy":"product_tag","embeddable":true,"href":"https:\/\/galenica.pe\/english\/wp-json\/wp\/v2\/product_tag?post=14830"}],"curies":[{"name":"wp","href":"https:\/\/api.w.org\/{rel}","templated":true}]}}