{"id":14927,"date":"2023-11-13T04:26:13","date_gmt":"2023-11-13T04:26:13","guid":{"rendered":"https:\/\/galenica.pe\/english\/?post_type=product&#038;p=14927"},"modified":"2024-06-10T02:09:29","modified_gmt":"2024-06-10T02:09:29","slug":"biomek-4000-automated-liquid-handler","status":"publish","type":"product","link":"https:\/\/galenica.pe\/english\/product\/biomek-4000-automated-liquid-handler\/","title":{"rendered":"Biomek 4000 Automated Liquid Handler"},"content":{"rendered":"<div id=\"cmsmasters_row_\" class=\"cmsmasters_row cmsmasters_color_scheme_default cmsmasters_row_top_default cmsmasters_row_bot_default cmsmasters_row_boxed\">\n<div class=\"cmsmasters_row_outer_parent\">\n<div class=\"cmsmasters_row_outer\">\n<div class=\"cmsmasters_row_inner\">\n<div class=\"cmsmasters_row_margin\">\n<div id=\"cmsmasters_column_\" class=\"cmsmasters_column one_first\">\n<div class=\"cmsmasters_column_inner\"><div class=\"cmsmasters_text\">\n<p>Biomek 4000 automated liquid handler, a compact liquid handler ideal for small laboratories and for those taking their first steps in automation. Helps standardize daily pipetting routines, maintain sample quality, and generate repeatable, reliable results. Laboratories focused on genomics, drug discovery, cell biology, proteomics, forensics, and related research can run methods on the Biomek 4000 automated liquid handler.<\/p>\n<p>\u2013 Ideal for low-throughput workflows<br \/>\n\u2013 12 deck positions, including 4 off-deck<br \/>\n\u2013 Pipetting volume range from 1 to 1000 \u00b5l with liquid level detection<br \/>\n\u2013 Multiple interchangeable one- and eight-channel pipetting tools and grippers<\/p>\n<p>Features of the Biomek 4000<br \/>\n\u2013 Versatile work area<br \/>\n\u2013 Compact design fits in laminar flow hood or lab bench<br \/>\n\u2013 Up to 12 platform positions, including 4 off-platform positions that can be used for integration of thermal cycling, agitation and waste disposal<br \/>\n\u2013 Add labware dispensers to increase system capacity<br \/>\n\u2013 Optional casing to protect samples from airborne particles<br \/>\n\u2013 Configurable for specific applications<\/p>\n<p>Application-centric solutions<br \/>\nBiomek&#8217;s proven, automated methods and capabilities for workflows in genomics, drug discovery, basic research and more:<\/p>\n<p>NGS (next generation sequencing) (B42929)<br \/>\n\u2013 PCR Configuration (B22637)<br \/>\n\u2013 PCR Cleaning (B22638)<br \/>\n\u2013 Cell staining (B22639)<br \/>\n\u2013 Genomics (B22640)<br \/>\n\u2013 Liquid handling (B22867)<br \/>\n\u2013 SDS CE Sample Preparation (B37830)<br \/>\n\u2013 AC Preparation (B37892)<br \/>\n\u2013 HLA preparation (C23350)<br \/>\n\u2013 Flexible pipetting and workflow management<br \/>\n\u2013 Self-interchangeable 1- and 8-channel pipetting and gripper tools<br \/>\n\u2013 Dynamic volume pipetting range from 1 to 1000 \u00b5l<br \/>\n\u2013 Liquid level detection<br \/>\n\u2013 Supports labware from tubes to 384-well micro\/macro and thermal cycling plates<br \/>\n\u2013 Directional pipetting to any location within the well with controlled aspiration and dispensing rates<br \/>\n\u2013 Efficient bulk dispensing and flushing tool allows dispensing against the wall of a well, tip dabs, bulk dispensing and calibration by liquid volume<br \/>\n\u2013 Simple system operation<\/p>\n<p>Biomek Method Release provides icon-based programming for drag-and-drop and labware loading<br \/>\nRemote instrument monitoring via Google Chrome<br \/>\nBiomek 3D Simulator shows real-time method development as you create them<br \/>\nData management captures data needed for validation and integrates with the LIMS system to import work orders and export data<br \/>\nOptional Biomek Dart software allows you to navigate through live and historical data and reduces manual data integration<br \/>\nApproval under 21 CFR Part 11<\/p>\n<p>\u00a9 2021 Beckman Coulter, Inc. All rights reserved. Beckman Coulter, the stylized logo, and the Beckman Coulter product and service marks mentioned herein are trademarks or registered trademarks of Beckman Coulter, Inc. in the United States and other countries. All other trademarks are the property of their respective owners.<\/p>\n<\/div>\n<\/div><\/div>\n<\/div>\n<\/div>\n<\/div>\n<\/div>\n<\/div>\n\n","protected":false},"excerpt":{"rendered":"<p>Manipulador de l\u00edquidos automatizado Biomek 4000, un manipulador de l\u00edquidos compacto ideal para laboratorios peque\u00f1os y para aquellos que est\u00e9n dando sus primeros pasos en la automatizaci\u00f3n. Ayuda a estandarizar las rutinas de pipeteo diarias, mantener la calidad de las muestras y generar resultados repetibles y fiables.<\/p>\n<button data-id=\"14544\" data-post_id=\"14927\" data-form_style=\"1\" data-allow_outside_click=\"1\" data-width=\"500px\" class=\"wpb-pcf-form-fire wpb-pcf-btn-large wpb-pcf-btn wpb-pcf-btn-default\">More information<\/button>\n","protected":false},"featured_media":14942,"comment_status":"closed","ping_status":"closed","template":"","meta":{"content-type":""},"product_cat":[218,231],"product_tag":[155],"class_list":{"0":"post-14927","1":"product","2":"type-product","3":"status-publish","4":"has-post-thumbnail","6":"product_cat-biotecnologia","7":"product_cat-equipos-de-laboratorio","8":"product_tag-beckman-coulter","10":"first","11":"instock","12":"shipping-taxable","13":"product-type-simple"},"_links":{"self":[{"href":"https:\/\/galenica.pe\/english\/wp-json\/wp\/v2\/product\/14927","targetHints":{"allow":["GET"]}}],"collection":[{"href":"https:\/\/galenica.pe\/english\/wp-json\/wp\/v2\/product"}],"about":[{"href":"https:\/\/galenica.pe\/english\/wp-json\/wp\/v2\/types\/product"}],"replies":[{"embeddable":true,"href":"https:\/\/galenica.pe\/english\/wp-json\/wp\/v2\/comments?post=14927"}],"wp:featuredmedia":[{"embeddable":true,"href":"https:\/\/galenica.pe\/english\/wp-json\/wp\/v2\/media\/14942"}],"wp:attachment":[{"href":"https:\/\/galenica.pe\/english\/wp-json\/wp\/v2\/media?parent=14927"}],"wp:term":[{"taxonomy":"product_cat","embeddable":true,"href":"https:\/\/galenica.pe\/english\/wp-json\/wp\/v2\/product_cat?post=14927"},{"taxonomy":"product_tag","embeddable":true,"href":"https:\/\/galenica.pe\/english\/wp-json\/wp\/v2\/product_tag?post=14927"}],"curies":[{"name":"wp","href":"https:\/\/api.w.org\/{rel}","templated":true}]}}