{"id":14959,"date":"2023-11-13T04:26:27","date_gmt":"2023-11-13T04:26:27","guid":{"rendered":"https:\/\/galenica.pe\/english\/?post_type=product&#038;p=14959"},"modified":"2024-05-19T05:39:34","modified_gmt":"2024-05-19T05:39:34","slug":"analytical-balances","status":"publish","type":"product","link":"https:\/\/galenica.pe\/english\/product\/analytical-balances\/","title":{"rendered":"Balanzas Anal\u00edticas"},"content":{"rendered":"<div id=\"cmsmasters_row_\" class=\"cmsmasters_row cmsmasters_color_scheme_default cmsmasters_row_top_default cmsmasters_row_bot_default cmsmasters_row_boxed\">\n<div class=\"cmsmasters_row_outer_parent\">\n<div class=\"cmsmasters_row_outer\">\n<div class=\"cmsmasters_row_inner\">\n<div class=\"cmsmasters_row_margin\">\n<div id=\"cmsmasters_column_\" class=\"cmsmasters_column one_first\">\n<div class=\"cmsmasters_column_inner\"><div class=\"cmsmasters_text\">\n<p>Balanzas Anal\u00edticas Ohaus, intuitivas dise\u00f1adas para una variedad de necesidades que combinan econom\u00eda y alto desempe\u00f1o, poseen un dise\u00f1o optimizado para aplicaciones de pesaje rutinarias junto con un equilibrio asequible para lograr resultados confiables<\/p>\n<p>Modelos Disponibles<br \/>\n\u2013 PIONEER\u00ae ANALYTICAL<br \/>\n\u2013 SERIE PR ANAL\u00cdTICA<br \/>\n\u2013 SEMIMICRO PIONEER\u00ae<br \/>\n\u2013 ADVENTURER\u00ae ANAL\u00cdTICA<br \/>\n\u2013 EXPLORER\u00ae ANAL\u00cdTICA<br \/>\n\u2013 EXPLORER\u00ae SEMI MICRO<\/p>\n<p>Principales caracter\u00edsticas por modelo<\/p>\n<p>\u2013 PIONEER\u00ae ANALYTICAL \u2013 SERIE PR ANAL\u00cdTICA y SEMIMICRO PIONEER\u00ae combinan la funcionalidad de pesaje esencial con un desempe\u00f1o competitivo, ofreciendo una alta precisi\u00f3n y repetibilidad para aplicaciones en configuraciones de laboratorio, industriales y educativas, est\u00e1 dise\u00f1ada intuitivamente para un funcionamiento inteligente con una pantalla de segunda l\u00ednea para obtener informaci\u00f3n adicional y conectividad USB y RS232 para facilitar la comunicaci\u00f3n<\/p>\n<p>\u2013 ADVENTURER\u00ae ANAL\u00cdTICA equilibrio ideal entre caracter\u00edsticas novedosas y funciones de pesaje sin complicaciones, incorpora todas las aplicaciones necesarias para pesaje de rutina y actividades de medici\u00f3n avanzadas, cuenta con pantalla t\u00e1ctil a color, opciones de cumplimiento GLP\/GMP, dos puertos USB y mucho m\u00e1s, es la balanza m\u00e1s completa en su clase<\/p>\n<p>\u2013 EXPLORER\u00ae ANAL\u00cdTICA EXPLORER\u00ae SEMI MICRO inteligentes e intuitivas, todas sus funciones inteligentes simplifican incluso las mediciones en laboratorio m\u00e1s complejas, combina caracter\u00edsticas actuales y elementos de dise\u00f1o para ofrecer funcionalidad inigualable en una l\u00ednea de balanzas de alto rendimiento distinta de cualquier otra en el mercado<\/p>\n<div class=\"videoWrapper\"><iframe loading=\"lazy\" title=\"YouTube video player\" src=\"https:\/\/www.youtube.com\/embed\/nlgLyzGqryA?list=PLxkOXjB-tMaBEzkp6mjmdkWVf5eAqKaQy\" width=\"950\" height=\"534\" frameborder=\"0\" allowfullscreen=\"allowfullscreen\" data-mce-fragment=\"1\"><\/iframe><\/div>\n<div class=\"videoWrapper\"><iframe loading=\"lazy\" title=\"YouTube video player\" src=\"https:\/\/www.youtube.com\/embed\/MxrTw5WPYjg?list=PLxkOXjB-tMaBEzkp6mjmdkWVf5eAqKaQy\" width=\"950\" height=\"534\" frameborder=\"0\" allowfullscreen=\"allowfullscreen\" data-mce-fragment=\"1\"><\/iframe><\/div>\n<\/div>\n<\/div><\/div>\n<\/div>\n<\/div>\n<\/div>\n<\/div>\n<\/div>\n\n","protected":false},"excerpt":{"rendered":"<p>Balanzas Anal\u00edticas Ohaus, intuitivas dise\u00f1adas para una variedad de necesidades que combinan econom\u00eda y alto desempe\u00f1o, poseen un dise\u00f1o optimizado para aplicaciones de pesaje rutinarias junto con un equilibrio asequible para lograr resultados confiables<\/p>\n<button data-id=\"14544\" data-post_id=\"14959\" data-form_style=\"1\" data-allow_outside_click=\"1\" data-width=\"500px\" class=\"wpb-pcf-form-fire wpb-pcf-btn-large wpb-pcf-btn wpb-pcf-btn-default\">More information<\/button>\n","protected":false},"featured_media":14974,"comment_status":"closed","ping_status":"closed","template":"","meta":{"content-type":""},"product_cat":[218,231],"product_tag":[181],"class_list":{"0":"post-14959","1":"product","2":"type-product","3":"status-publish","4":"has-post-thumbnail","6":"product_cat-biotecnologia","7":"product_cat-equipos-de-laboratorio","8":"product_tag-ohaus","10":"first","11":"instock","12":"shipping-taxable","13":"product-type-simple"},"_links":{"self":[{"href":"https:\/\/galenica.pe\/english\/wp-json\/wp\/v2\/product\/14959","targetHints":{"allow":["GET"]}}],"collection":[{"href":"https:\/\/galenica.pe\/english\/wp-json\/wp\/v2\/product"}],"about":[{"href":"https:\/\/galenica.pe\/english\/wp-json\/wp\/v2\/types\/product"}],"replies":[{"embeddable":true,"href":"https:\/\/galenica.pe\/english\/wp-json\/wp\/v2\/comments?post=14959"}],"wp:featuredmedia":[{"embeddable":true,"href":"https:\/\/galenica.pe\/english\/wp-json\/wp\/v2\/media\/14974"}],"wp:attachment":[{"href":"https:\/\/galenica.pe\/english\/wp-json\/wp\/v2\/media?parent=14959"}],"wp:term":[{"taxonomy":"product_cat","embeddable":true,"href":"https:\/\/galenica.pe\/english\/wp-json\/wp\/v2\/product_cat?post=14959"},{"taxonomy":"product_tag","embeddable":true,"href":"https:\/\/galenica.pe\/english\/wp-json\/wp\/v2\/product_tag?post=14959"}],"curies":[{"name":"wp","href":"https:\/\/api.w.org\/{rel}","templated":true}]}}