{"id":14984,"date":"2023-11-13T04:26:42","date_gmt":"2023-11-13T04:26:42","guid":{"rendered":"https:\/\/galenica.pe\/english\/?post_type=product&#038;p=14984"},"modified":"2024-05-19T06:16:29","modified_gmt":"2024-05-19T06:16:29","slug":"patch-clamp-system","status":"publish","type":"product","link":"https:\/\/galenica.pe\/english\/product\/patch-clamp-system\/","title":{"rendered":"Sistema de Patch Clamp"},"content":{"rendered":"<div id=\"cmsmasters_row_\" class=\"cmsmasters_row cmsmasters_color_scheme_default cmsmasters_row_top_default cmsmasters_row_bot_default cmsmasters_row_boxed\">\n<div class=\"cmsmasters_row_outer_parent\">\n<div class=\"cmsmasters_row_outer\">\n<div class=\"cmsmasters_row_inner\">\n<div class=\"cmsmasters_row_margin\">\n<div id=\"cmsmasters_column_\" class=\"cmsmasters_column one_first\">\n<div class=\"cmsmasters_column_inner\"><div class=\"cmsmasters_text\">\n<p>Abrazadera de parche Axon Molecular Devices, ofrece soluciones integrales para la sujeci\u00f3n de parches que incluyen amplificadores, digitalizador, software y accesorios.<\/p>\n<p>Nuestros instrumentos facilitan toda la gama de experimentos de t\u00e9cnica de pinza de parche, desde el canal \u00fanico m\u00e1s peque\u00f1o hasta las grabaciones macrosc\u00f3picas m\u00e1s grandes, con la incorporaci\u00f3n de la suite de software Axon \u2122 pCLAMP \u2122 11 para la adquisici\u00f3n, el registro y el an\u00e1lisis, se logra un flujo de trabajo verdaderamente optimizado<\/p>\n<p>Modelos Disponibles<br \/>\n\u2013 Axopatch 200B Amplifier<br \/>\n\u2013 MultiClamp 700B Amplifier<br \/>\n\u2013 Axoclamp 900A Amplifier<br \/>\n\u2013 Axon Digidata 1550B Sistema de adquisici\u00f3n de datos de bajo ruido m\u00e1s HumSilencer<\/p>\n<\/div>\n<\/div><\/div>\n<\/div>\n<\/div>\n<\/div>\n<\/div>\n<\/div>\n\n","protected":false},"excerpt":{"rendered":"<p>Abrazadera de parche Axon Molecular Devices, ofrece soluciones integrales para la sujeci\u00f3n de parches que incluyen amplificadores, digitalizador, software y accesorios.<\/p>\n<button data-id=\"14544\" data-post_id=\"14984\" data-form_style=\"1\" data-allow_outside_click=\"1\" data-width=\"500px\" class=\"wpb-pcf-form-fire wpb-pcf-btn-large wpb-pcf-btn wpb-pcf-btn-default\">More information<\/button>\n","protected":false},"featured_media":14999,"comment_status":"closed","ping_status":"closed","template":"","meta":{"content-type":""},"product_cat":[218,231],"product_tag":[179],"class_list":{"0":"post-14984","1":"product","2":"type-product","3":"status-publish","4":"has-post-thumbnail","6":"product_cat-biotecnologia","7":"product_cat-equipos-de-laboratorio","8":"product_tag-molecular-devices","10":"first","11":"instock","12":"shipping-taxable","13":"product-type-simple"},"_links":{"self":[{"href":"https:\/\/galenica.pe\/english\/wp-json\/wp\/v2\/product\/14984","targetHints":{"allow":["GET"]}}],"collection":[{"href":"https:\/\/galenica.pe\/english\/wp-json\/wp\/v2\/product"}],"about":[{"href":"https:\/\/galenica.pe\/english\/wp-json\/wp\/v2\/types\/product"}],"replies":[{"embeddable":true,"href":"https:\/\/galenica.pe\/english\/wp-json\/wp\/v2\/comments?post=14984"}],"wp:featuredmedia":[{"embeddable":true,"href":"https:\/\/galenica.pe\/english\/wp-json\/wp\/v2\/media\/14999"}],"wp:attachment":[{"href":"https:\/\/galenica.pe\/english\/wp-json\/wp\/v2\/media?parent=14984"}],"wp:term":[{"taxonomy":"product_cat","embeddable":true,"href":"https:\/\/galenica.pe\/english\/wp-json\/wp\/v2\/product_cat?post=14984"},{"taxonomy":"product_tag","embeddable":true,"href":"https:\/\/galenica.pe\/english\/wp-json\/wp\/v2\/product_tag?post=14984"}],"curies":[{"name":"wp","href":"https:\/\/api.w.org\/{rel}","templated":true}]}}