{"id":14985,"date":"2023-11-13T04:26:42","date_gmt":"2023-11-13T04:26:42","guid":{"rendered":"https:\/\/galenica.pe\/english\/?post_type=product&#038;p=14985"},"modified":"2024-05-19T05:54:39","modified_gmt":"2024-05-19T05:54:39","slug":"spectramax-quickdrop-micro-volume-spectrophotometer","status":"publish","type":"product","link":"https:\/\/galenica.pe\/english\/product\/spectramax-quickdrop-micro-volume-spectrophotometer\/","title":{"rendered":"Espectrofot\u00f3metro de microvolumen SpectraMax\u00ae QuickDrop \u2122"},"content":{"rendered":"<div id=\"cmsmasters_row_\" class=\"cmsmasters_row cmsmasters_color_scheme_default cmsmasters_row_top_default cmsmasters_row_bot_default cmsmasters_row_boxed\">\n<div class=\"cmsmasters_row_outer_parent\">\n<div class=\"cmsmasters_row_outer\">\n<div class=\"cmsmasters_row_inner\">\n<div class=\"cmsmasters_row_margin\">\n<div id=\"cmsmasters_column_\" class=\"cmsmasters_column one_first\">\n<div class=\"cmsmasters_column_inner\"><div class=\"cmsmasters_text\">\n<p>Espectrofot\u00f3metro de microvolumen SpectraMax\u00ae QuickDrop \u2122 de Molecular Device, es un instrumento aut\u00f3nomo con pantalla t\u00e1ctil y puertos de muestra integrados para peque\u00f1os vol\u00famenes y cubetas, cuantifica cantidades muy peque\u00f1as de ADN, ARN, oligos y prote\u00ednas, su tama\u00f1o reducido y el control de la pantalla t\u00e1ctil permiten una f\u00e1cil configuraci\u00f3n del laboratorio con una m\u00ednima inversi\u00f3n de tiempo, costo y esfuerzo.<\/p>\n<p>El puerto de muestra de microvolumen incorporado permite trabajar con vol\u00famenes de muestra tan peque\u00f1os como 0,5 \u00b5L, mientras que el puerto de la cubeta ampl\u00eda la capacidad de la muestra para incluir vol\u00famenes m\u00e1s grandes.<\/p>\n<\/div>\n<\/div><\/div>\n<\/div>\n<\/div>\n<\/div>\n<\/div>\n<\/div>\n\n","protected":false},"excerpt":{"rendered":"<p>Espectrofot\u00f3metro de microvolumen SpectraMax\u00ae QuickDrop \u2122 de Molecular Device, es un instrumento aut\u00f3nomo con pantalla t\u00e1ctil y puertos de muestra integrados para peque\u00f1os vol\u00famenes y cubetas, cuantifica cantidades muy peque\u00f1as de ADN, ARN, oligos y prote\u00ednas, su tama\u00f1o reducido y el control de la pantalla t\u00e1ctil permiten una f\u00e1cil configuraci\u00f3n del laboratorio con una m\u00ednima inversi\u00f3n de tiempo, costo y esfuerzo.<\/p>\n<button data-id=\"14544\" data-post_id=\"14985\" data-form_style=\"1\" data-allow_outside_click=\"1\" data-width=\"500px\" class=\"wpb-pcf-form-fire wpb-pcf-btn-large wpb-pcf-btn wpb-pcf-btn-default\">More information<\/button>\n","protected":false},"featured_media":15000,"comment_status":"closed","ping_status":"closed","template":"","meta":{"content-type":""},"product_cat":[218,231],"product_tag":[179],"class_list":{"0":"post-14985","1":"product","2":"type-product","3":"status-publish","4":"has-post-thumbnail","6":"product_cat-biotecnologia","7":"product_cat-equipos-de-laboratorio","8":"product_tag-molecular-devices","10":"first","11":"instock","12":"shipping-taxable","13":"product-type-simple"},"_links":{"self":[{"href":"https:\/\/galenica.pe\/english\/wp-json\/wp\/v2\/product\/14985","targetHints":{"allow":["GET"]}}],"collection":[{"href":"https:\/\/galenica.pe\/english\/wp-json\/wp\/v2\/product"}],"about":[{"href":"https:\/\/galenica.pe\/english\/wp-json\/wp\/v2\/types\/product"}],"replies":[{"embeddable":true,"href":"https:\/\/galenica.pe\/english\/wp-json\/wp\/v2\/comments?post=14985"}],"wp:featuredmedia":[{"embeddable":true,"href":"https:\/\/galenica.pe\/english\/wp-json\/wp\/v2\/media\/15000"}],"wp:attachment":[{"href":"https:\/\/galenica.pe\/english\/wp-json\/wp\/v2\/media?parent=14985"}],"wp:term":[{"taxonomy":"product_cat","embeddable":true,"href":"https:\/\/galenica.pe\/english\/wp-json\/wp\/v2\/product_cat?post=14985"},{"taxonomy":"product_tag","embeddable":true,"href":"https:\/\/galenica.pe\/english\/wp-json\/wp\/v2\/product_tag?post=14985"}],"curies":[{"name":"wp","href":"https:\/\/api.w.org\/{rel}","templated":true}]}}