{"id":14986,"date":"2023-11-13T04:26:42","date_gmt":"2023-11-13T04:26:42","guid":{"rendered":"https:\/\/galenica.pe\/english\/?post_type=product&#038;p=14986"},"modified":"2024-05-19T06:21:47","modified_gmt":"2024-05-19T06:21:47","slug":"biolector-xt-microbioreactor","status":"publish","type":"product","link":"https:\/\/galenica.pe\/english\/product\/biolector-xt-microbioreactor\/","title":{"rendered":"Microbiorreactor BioLector XT"},"content":{"rendered":"<div id=\"cmsmasters_row_\" class=\"cmsmasters_row cmsmasters_color_scheme_default cmsmasters_row_top_default cmsmasters_row_bot_default cmsmasters_row_boxed\">\n<div class=\"cmsmasters_row_outer_parent\">\n<div class=\"cmsmasters_row_outer\">\n<div class=\"cmsmasters_row_inner\">\n<div class=\"cmsmasters_row_margin\">\n<div id=\"cmsmasters_column_\" class=\"cmsmasters_column one_first\">\n<div class=\"cmsmasters_column_inner\"><div class=\"cmsmasters_text\">\n<p>Microbiorreactor BioLector XT de Beckman-Coulter<br \/>\nEl microbiorreactor de alto rendimiento permite la evaluaci\u00f3n en tiempo real de la biomasa, la fluorescencia, el pH, el ox\u00edgeno disuelto en la fase l\u00edquida (OD) y otros par\u00e1metros clave de cultivo para aerobios y anaerobios.<\/p>\n<p>Sobre la base de la tecnolog\u00eda BioLector Pro de confianza, el microbiorreactor BioLector XT se basa en un formato de placa de microtitulaci\u00f3n (MTP) est\u00e1ndar ANSI\/SLAS (SBS) y funciona con sensores \u00f3pticos precalibrados en l\u00ednea. Los MTP desechables de 48 pocillos permiten la medici\u00f3n en l\u00ednea de los par\u00e1metros de cultivo, mientras que la tecnolog\u00eda de microfluidos patentada admite el control y la alimentaci\u00f3n simult\u00e1neos del pH. El m\u00f3dulo de microfluidos opcional elimina la manipulaci\u00f3n manual de l\u00edquidos: no se requieren tubos ni pipeteo, ya que todo forma parte de la placa lista para usar irradiada con rayos gamma.<\/p>\n<p>&nbsp;<\/p>\n<p>Caracter\u00edsticas del BioLector XT<br \/>\n\u2013 Cabezal de gasificaci\u00f3n nuevo e innovador<br \/>\n\u2013 Permite experimentos por lotes alimentados en condiciones anaer\u00f3bicas<br \/>\n\u2013 Reduce el consumo de gas a unos pocos ml\/minuto<br \/>\n\u2013 La humidificaci\u00f3n opcional de gases reduce la evaporaci\u00f3n<br \/>\n\u2013 M\u00f3dulo microflu\u00eddico opcional<\/p>\n<p>Libera todo el potencial del BioLector XT<br \/>\n\u2013 Complementa la funci\u00f3n de monitoreo en l\u00ednea con regulaci\u00f3n\/alimentaci\u00f3n de pH espec\u00edfica del pozo<br \/>\n\u2013 Permite el uso de 2 pozos de reservorio por 4 pozos de cultivo<br \/>\n\u2013 Las microv\u00e1lvulas asignan l\u00edquidos a escala de nanolitros<br \/>\n\u2013 Dise\u00f1o de placa \u201cPlug-and-play\u201d<br \/>\n\u2013 Cin\u00e9tica en tiempo real de 48\/32 cultivos paralelos<br \/>\n\u2013 Estrategias de alimentaci\u00f3n personalizables (por lotes, lote de alimentaci\u00f3n, bolo, continuo)*<br \/>\n\u2013 Control de pH en placa con sensores \u00f3pticos precalibrados*<br \/>\n\u2013 Peque\u00f1o volumen de trabajo (800 \u2013 2400 \u03bcL)<\/p>\n<p>*La funcionalidad requiere un m\u00f3dulo de microfluidos opcional<\/p>\n<p>Software inteligente de biolecci\u00f3n<br \/>\n\u2013 La interfaz de usuario intuitiva admite entornos multiusuario<br \/>\n\u2013 Programaci\u00f3n libre de todos los par\u00e1metros de control<br \/>\n\u2013 El sistema abierto permite descargas de datos en vivo<br \/>\n\u2013 El procesador r\u00e1pido garantiza una descarga r\u00e1pida de los datos del experimento<\/p>\n<p>\u00a9 2021 Beckman Coulter, Inc. Todos los derechos reservados. Beckman Coulter, el logotipo estilizado y las marcas de productos y servicios de Beckman Coulter mencionadas en este documento son marcas comerciales o marcas comerciales registradas de Beckman Coulter, Inc. en los Estados Unidos y otros pa\u00edses. Todas las dem\u00e1s marcas comerciales son propiedad de sus respectivos due\u00f1os.<\/p>\n<\/div>\n<\/div><\/div>\n<\/div>\n<\/div>\n<\/div>\n<\/div>\n<\/div>\n\n","protected":false},"excerpt":{"rendered":"<p>Microbiorreactor BioLector XT de Beckman-Coulter<br \/>\nEl microbiorreactor de alto rendimiento permite la evaluaci\u00f3n en tiempo real de la biomasa, la fluorescencia, el pH, el ox\u00edgeno disuelto en la fase l\u00edquida (OD) y otros par\u00e1metros clave de cultivo para aerobios y anaerobios.<\/p>\n<button data-id=\"14544\" data-post_id=\"14986\" data-form_style=\"1\" data-allow_outside_click=\"1\" data-width=\"500px\" class=\"wpb-pcf-form-fire wpb-pcf-btn-large wpb-pcf-btn wpb-pcf-btn-default\">More information<\/button>\n","protected":false},"featured_media":15561,"comment_status":"closed","ping_status":"closed","template":"","meta":{"content-type":""},"product_cat":[218,231],"product_tag":[155],"class_list":{"0":"post-14986","1":"product","2":"type-product","3":"status-publish","4":"has-post-thumbnail","6":"product_cat-biotecnologia","7":"product_cat-equipos-de-laboratorio","8":"product_tag-beckman-coulter","10":"first","11":"instock","12":"shipping-taxable","13":"product-type-simple"},"_links":{"self":[{"href":"https:\/\/galenica.pe\/english\/wp-json\/wp\/v2\/product\/14986","targetHints":{"allow":["GET"]}}],"collection":[{"href":"https:\/\/galenica.pe\/english\/wp-json\/wp\/v2\/product"}],"about":[{"href":"https:\/\/galenica.pe\/english\/wp-json\/wp\/v2\/types\/product"}],"replies":[{"embeddable":true,"href":"https:\/\/galenica.pe\/english\/wp-json\/wp\/v2\/comments?post=14986"}],"wp:featuredmedia":[{"embeddable":true,"href":"https:\/\/galenica.pe\/english\/wp-json\/wp\/v2\/media\/15561"}],"wp:attachment":[{"href":"https:\/\/galenica.pe\/english\/wp-json\/wp\/v2\/media?parent=14986"}],"wp:term":[{"taxonomy":"product_cat","embeddable":true,"href":"https:\/\/galenica.pe\/english\/wp-json\/wp\/v2\/product_cat?post=14986"},{"taxonomy":"product_tag","embeddable":true,"href":"https:\/\/galenica.pe\/english\/wp-json\/wp\/v2\/product_tag?post=14986"}],"curies":[{"name":"wp","href":"https:\/\/api.w.org\/{rel}","templated":true}]}}