{"id":15046,"date":"2023-11-13T04:27:20","date_gmt":"2023-11-13T04:27:20","guid":{"rendered":"https:\/\/galenica.pe\/english\/?post_type=product&#038;p=15046"},"modified":"2024-05-19T05:41:34","modified_gmt":"2024-05-19T05:41:34","slug":"multifunction-bench-scales","status":"publish","type":"product","link":"https:\/\/galenica.pe\/english\/product\/multifunction-bench-scales\/","title":{"rendered":"B\u00e1sculas de mesa multifunci\u00f3n"},"content":{"rendered":"<div id=\"cmsmasters_row_\" class=\"cmsmasters_row cmsmasters_color_scheme_default cmsmasters_row_top_default cmsmasters_row_bot_default cmsmasters_row_boxed\">\n<div class=\"cmsmasters_row_outer_parent\">\n<div class=\"cmsmasters_row_outer\">\n<div class=\"cmsmasters_row_inner\">\n<div class=\"cmsmasters_row_margin\">\n<div id=\"cmsmasters_column_\" class=\"cmsmasters_column one_first\">\n<div class=\"cmsmasters_column_inner\"><div class=\"cmsmasters_text\">\n<section id=\"single\" class=\"single-product\">\n<div class=\"wrapper bg-white p-5\">\n<div class=\"container\">\n<div class=\"row mt-5\">\n<div class=\"col-12\">\n<div class=\"the_content\">\n<p>B\u00e1sculas de mesa Ohaus para multiples funciones y aplicaciones<\/p>\n<p>Modelos Disponibles<br \/>\n\u2013 CHECADORA DE PESO CKW<br \/>\n\u2013 DEFENDER\u00ae 5000 WASHDOWN \u2013 D52<br \/>\n\u2013 DEFENDER\u00ae 5000 \u2013 D52<br \/>\n\u2013 DEFENDER\u00ae 3000 LAVABLE<br \/>\n\u2013 DEFENDER\u00ae 3000<br \/>\n\u2013 DEFENDER\u00ae 3000 LOW PROFILE<br \/>\n\u2013 PRUEBA DE CAMPO DEL DEFENDER\u00ae 3000<br \/>\n\u2013 RANGER\u00ae 7000<br \/>\n\u2013 RANGER\u00ae 4000<br \/>\n\u2013 RANGER\u00ae 3000<br \/>\n\u2013 RANGER\u00ae 1000<br \/>\n\u2013 VALOR\u00ae 7000<\/p>\n<p>Principales caracteristicas por modelo<\/p>\n<p>\u2013 Checadora de peso CKW B\u00e1scula de mesa para control de peso avanzado<\/p>\n<p>\u2013 Defender\u00ae 5000 Washdown \u2013 D52 B\u00e1sculas de mesa de lavado multifunci\u00f3n de acero inoxidable para aplicaciones industriales est\u00e1ndares<\/p>\n<p>\u2013 Defender\u00ae 5000 \u2013 D52 B\u00e1scula de mesa multifuncional para aplicaciones est\u00e1ndares de la industria<\/p>\n<p>\u2013 Defender\u00ae 3000 Lavable cumple con los requisitos industriales b\u00e1sicos para aplicaciones de lavado<\/p>\n<p>\u2013 Defender\u00ae 3000 cumple con los requisitos industriales b\u00e1sicos para aplicaciones en seco<\/p>\n<p>\u2013 Defender\u00ae 3000 Low Profile balanzas compactas de bajo perfil cumplen con los requisitos industriales b\u00e1sicos para aplicaciones industriales<\/p>\n<p>\u2013 Prueba de campo del Defender\u00ae 3000 Alta precisi\u00f3n lista para el campo<\/p>\n<p>\u2013 Ranger\u00ae 7000 B\u00e1sculas compactas de primera l\u00ednea, incluso para las aplicaciones industriales m\u00e1s complejas<\/p>\n<p>\u2013 Ranger\u00ae 4000 compactas y duraderas para los entornos de pesaje industrial m\u00e1s exigentes<\/p>\n<p>\u2013 Ranger\u00ae 3000 compactas y multiusos para aplicaciones de pesaje industrial<\/p>\n<p>\u2013 Ranger\u00ae 1000 compactas y asequibles para aplicaciones de pesaje industrial b\u00e1sico<\/p>\n<p>\u2013 Valor\u00ae 7000 multifuncional adaptable para alimentos<\/p>\n<p>\u2013 Valor\u00ae 4000 B\u00e1scula para alimentos de alto rendimiento, legal para el comercio, perfecta para condiciones de trabajo dif\u00edciles y h\u00famedas<\/p>\n<p>\u2013 Valor\u00ae 3000 Resistente, dise\u00f1o completo de acero inoxidable en una b\u00e1scula port\u00e1til de alto rendimiento.<\/p>\n<p>\u2013 Valor\u00ae 2000 B\u00e1scula para alimentos de alto rendimiento adecuada para condiciones de trabajo dif\u00edciles y h\u00famedas<\/p>\n<p>\u2013 Valor\u00ae 1000 \u2013 V12P B\u00e1sculas confiables y seguras para alimentos en ambientes secos<\/p>\n<div class=\"videoWrapper\"><iframe loading=\"lazy\" title=\"YouTube video player\" src=\"https:\/\/www.youtube.com\/embed\/z4ipKmdytrQ?list=PLxkOXjB-tMaBEzkp6mjmdkWVf5eAqKaQy\" width=\"950\" height=\"534\" frameborder=\"0\" allowfullscreen=\"allowfullscreen\" data-mce-fragment=\"1\"><\/iframe><\/div>\n<div class=\"videoWrapper\"><iframe loading=\"lazy\" title=\"YouTube video player\" src=\"https:\/\/www.youtube.com\/embed\/-8rjCe5kMkw?list=PLxkOXjB-tMaBEzkp6mjmdkWVf5eAqKaQy\" width=\"950\" height=\"534\" frameborder=\"0\" allowfullscreen=\"allowfullscreen\" data-mce-fragment=\"1\"><\/iframe><\/div>\n<\/div>\n<\/div>\n<\/div>\n<\/div>\n<\/div>\n<\/section>\n<form id=\"frm-single-product\"><\/form>\n<footer class=\"py-5\">\n<div class=\"container\">\n<div class=\"row\"><\/div>\n<\/div>\n<\/footer>\n<\/div>\n<\/div><\/div>\n<\/div>\n<\/div>\n<\/div>\n<\/div>\n<\/div>\n\n","protected":false},"excerpt":{"rendered":"<p>B\u00e1sculas de mesa Ohaus para multiples funciones y aplicaciones<\/p>\n<button data-id=\"14544\" data-post_id=\"15046\" data-form_style=\"1\" data-allow_outside_click=\"1\" data-width=\"500px\" class=\"wpb-pcf-form-fire wpb-pcf-btn-large wpb-pcf-btn wpb-pcf-btn-default\">More information<\/button>\n","protected":false},"featured_media":15061,"comment_status":"closed","ping_status":"closed","template":"","meta":{"content-type":""},"product_cat":[218,231],"product_tag":[181],"class_list":{"0":"post-15046","1":"product","2":"type-product","3":"status-publish","4":"has-post-thumbnail","6":"product_cat-biotecnologia","7":"product_cat-equipos-de-laboratorio","8":"product_tag-ohaus","10":"first","11":"instock","12":"shipping-taxable","13":"product-type-simple"},"_links":{"self":[{"href":"https:\/\/galenica.pe\/english\/wp-json\/wp\/v2\/product\/15046","targetHints":{"allow":["GET"]}}],"collection":[{"href":"https:\/\/galenica.pe\/english\/wp-json\/wp\/v2\/product"}],"about":[{"href":"https:\/\/galenica.pe\/english\/wp-json\/wp\/v2\/types\/product"}],"replies":[{"embeddable":true,"href":"https:\/\/galenica.pe\/english\/wp-json\/wp\/v2\/comments?post=15046"}],"wp:featuredmedia":[{"embeddable":true,"href":"https:\/\/galenica.pe\/english\/wp-json\/wp\/v2\/media\/15061"}],"wp:attachment":[{"href":"https:\/\/galenica.pe\/english\/wp-json\/wp\/v2\/media?parent=15046"}],"wp:term":[{"taxonomy":"product_cat","embeddable":true,"href":"https:\/\/galenica.pe\/english\/wp-json\/wp\/v2\/product_cat?post=15046"},{"taxonomy":"product_tag","embeddable":true,"href":"https:\/\/galenica.pe\/english\/wp-json\/wp\/v2\/product_tag?post=15046"}],"curies":[{"name":"wp","href":"https:\/\/api.w.org\/{rel}","templated":true}]}}